{"id":210658,"date":"2020-06-30T10:39:25","date_gmt":"2020-06-30T08:39:25","guid":{"rendered":"https:\/\/hardangerfolkemuseum.no\/kafe-og-butikk2\/"},"modified":"2026-04-28T12:48:35","modified_gmt":"2026-04-28T10:48:35","slug":"cafe-and-shop","status":"publish","type":"page","link":"https:\/\/hardangerfolkemuseum.no\/en\/cafe-and-shop\/","title":{"rendered":"Caf\u00e9 and shop"},"content":{"rendered":"<p>[et_pb_section fb_built=&#8221;1&#8243; _builder_version=&#8221;4.16&#8243; use_background_color_gradient=&#8221;on&#8221; background_color_gradient_stops=&#8221;rgba(0,0,0,0.35) 0%|rgba(0,0,0,0.35) 100%&#8221; background_color_gradient_overlays_image=&#8221;on&#8221; background_color_gradient_start=&#8221;rgba(0,0,0,0.35)&#8221; background_color_gradient_end=&#8221;rgba(0,0,0,0.35)&#8221; background_image=&#8221;https:\/\/hardangerfolkemuseum.no\/wp-content\/uploads\/2019\/01\/IMG_4032.jpg&#8221; background_position=&#8221;top_center&#8221; filter_brightness=&#8221;145%&#8221; da_disable_devices=&#8221;off|off|off&#8221; global_colors_info=&#8221;{}&#8221; da_is_popup=&#8221;off&#8221; da_exit_intent=&#8221;off&#8221; da_has_close=&#8221;on&#8221; da_alt_close=&#8221;off&#8221; da_dark_close=&#8221;off&#8221; da_not_modal=&#8221;on&#8221; da_is_singular=&#8221;off&#8221; da_with_loader=&#8221;off&#8221; da_has_shadow=&#8221;on&#8221;][et_pb_row _builder_version=&#8221;4.16&#8243; global_colors_info=&#8221;{}&#8221;][et_pb_column type=&#8221;4_4&#8243; _builder_version=&#8221;4.16&#8243; custom_padding=&#8221;|||&#8221; global_colors_info=&#8221;{}&#8221; custom_padding__hover=&#8221;|||&#8221;][et_pb_text _builder_version=&#8221;4.21.0&#8243; header_font=&#8221;||||||||&#8221; header_text_align=&#8221;center&#8221; header_text_color=&#8221;#ffffff&#8221; header_font_size=&#8221;62px&#8221; header_letter_spacing=&#8221;2px&#8221; header_line_height=&#8221;1.3em&#8221; module_alignment=&#8221;center&#8221; custom_margin=&#8221;75px||20px|&#8221; custom_margin_tablet=&#8221;&#8221; custom_margin_phone=&#8221;35px||10px|&#8221; custom_margin_last_edited=&#8221;on|phone&#8221; header_font_size_tablet=&#8221;42px&#8221; header_font_size_phone=&#8221;28px&#8221; header_font_size_last_edited=&#8221;on|phone&#8221; global_colors_info=&#8221;{}&#8221;]<\/p>\n<h1>Caf\u00e9 and shop<\/h1>\n<p>[\/et_pb_text][\/et_pb_column][\/et_pb_row][\/et_pb_section][et_pb_section fb_built=&#8221;1&#8243; _builder_version=&#8221;4.16&#8243; custom_padding=&#8221;54px|0px|0|0px|false|false&#8221; da_disable_devices=&#8221;off|off|off&#8221; global_colors_info=&#8221;{}&#8221; da_is_popup=&#8221;off&#8221; da_exit_intent=&#8221;off&#8221; da_has_close=&#8221;on&#8221; da_alt_close=&#8221;off&#8221; da_dark_close=&#8221;off&#8221; da_not_modal=&#8221;on&#8221; da_is_singular=&#8221;off&#8221; da_with_loader=&#8221;off&#8221; da_has_shadow=&#8221;on&#8221;][et_pb_row column_structure=&#8221;1_2,1_2&#8243; _builder_version=&#8221;4.16&#8243; global_colors_info=&#8221;{}&#8221;][et_pb_column type=&#8221;1_2&#8243; _builder_version=&#8221;4.16&#8243; custom_padding=&#8221;|||&#8221; global_colors_info=&#8221;{}&#8221; custom_padding__hover=&#8221;|||&#8221;][et_pb_image src=&#8221;https:\/\/hardangerfolkemuseum.no\/wp-content\/uploads\/2018\/11\/bilde-kafe\u0301-utne.jpg&#8221; align_tablet=&#8221;center&#8221; align_phone=&#8221;&#8221; align_last_edited=&#8221;on|desktop&#8221; _builder_version=&#8221;4.16&#8243; global_colors_info=&#8221;{}&#8221;]&nbsp;<br \/>\n[\/et_pb_image][et_pb_image src=&#8221;https:\/\/hardangerfolkemuseum.no\/wp-content\/uploads\/2019\/01\/leiker.jpg&#8221; align_tablet=&#8221;center&#8221; align_phone=&#8221;&#8221; align_last_edited=&#8221;on|desktop&#8221; _builder_version=&#8221;4.16&#8243; global_colors_info=&#8221;{}&#8221;][\/et_pb_image][\/et_pb_column][et_pb_column type=&#8221;1_2&#8243; _builder_version=&#8221;4.16&#8243; custom_padding=&#8221;35px|||&#8221; global_colors_info=&#8221;{}&#8221; custom_padding__hover=&#8221;|||&#8221;][et_pb_text _builder_version=&#8221;4.21.0&#8243; header_font_size=&#8221;39px&#8221; header_2_font_size=&#8221;38px&#8221; header_2_line_height=&#8221;1.3em&#8221; header_2_font_size_tablet=&#8221;32px&#8221; header_2_font_size_phone=&#8221;26px&#8221; header_2_font_size_last_edited=&#8221;on|phone&#8221; global_colors_info=&#8221;{}&#8221;]<\/p>\n<h2>You are very welcome to drop by the caf\u00e9 and shop!<\/h2>\n<p>[\/et_pb_text][et_pb_text _builder_version=&#8221;4.27.6&#8243; text_font=&#8221;||||||||&#8221; text_text_color=&#8221;#191919&#8243; text_line_height=&#8221;2em&#8221; hover_enabled=&#8221;0&#8243; global_colors_info=&#8221;{}&#8221; sticky_enabled=&#8221;0&#8243;]<\/p>\n<p>The caf\u00e9 at Hardanger Folk Museum serves cakes, coffee and lunch dishes.<\/p>\n<div class=\"flex flex-grow flex-col max-w-full\">\n<div data-message-author-role=\"assistant\" data-message-id=\"1d381cfc-ee47-4d7a-8173-fd17fce48848\" dir=\"auto\" class=\"min-h-[20px] text-message flex flex-col items-start whitespace-pre-wrap break-words [.text-message+&amp;]:mt-5 juice:w-full juice:items-end overflow-x-auto gap-3\">\n<div class=\"markdown prose w-full break-words dark:prose-invert light\">\n<h3>Caf\u00e9 opening hours 2026:<\/h3>\n<p>May 3rd &#8211; June 14th, Saturdays and Sundays from 10:00 AM to 5:00 PM.<\/p>\n<p>June 15th &#8211; August 30th, every day from 10:00 AM to 5:00 PM.<\/p>\n<\/div>\n<\/div>\n<\/div>\n<p>During winter 2026, the caf\u00e9 is only open on special occasions.<\/p>\n<p>We also welcome big groups and associations in the caf\u00e9 in connection with meetings, gatherings, celebrations, guided tours or other types of events. Groups and associations must book in advance, send an e-mail to: <a id=\"LPlnk833580\" href=\"mailto:post@hvm.museum.no\" data-linkindex=\"0\">post@hvm.museum.no<\/a>.<\/p>\n<h2>The museum shop<\/h2>\n<p>Visit the lovely museum shop at Hardanger Folk Museum, where you will find a good range of local food, handicrafts, books, music, gifts and toys.<\/p>\n<p>We also have gift vouchers.<\/p>\n<p>[\/et_pb_text][\/et_pb_column][\/et_pb_row][\/et_pb_section][et_pb_section fb_built=&#8221;1&#8243; _builder_version=&#8221;4.16&#8243; custom_padding=&#8221;0|0px|54px|0px|false|false&#8221; da_disable_devices=&#8221;off|off|off&#8221; global_colors_info=&#8221;{}&#8221; da_is_popup=&#8221;off&#8221; da_exit_intent=&#8221;off&#8221; da_has_close=&#8221;on&#8221; da_alt_close=&#8221;off&#8221; da_dark_close=&#8221;off&#8221; da_not_modal=&#8221;on&#8221; da_is_singular=&#8221;off&#8221; da_with_loader=&#8221;off&#8221; da_has_shadow=&#8221;on&#8221;][et_pb_row _builder_version=&#8221;4.16&#8243; custom_padding=&#8221;50px|0px|27px|0px|false|false&#8221; global_colors_info=&#8221;{}&#8221;][et_pb_column type=&#8221;4_4&#8243; _builder_version=&#8221;4.16&#8243; custom_padding=&#8221;|||&#8221; global_colors_info=&#8221;{}&#8221; custom_padding__hover=&#8221;|||&#8221;][et_pb_gallery gallery_ids=&#8221;207621,207622,207623,208688,207735,208690,208691,208552&#8243; show_title_and_caption=&#8221;off&#8221; show_pagination=&#8221;off&#8221; _builder_version=&#8221;4.16&#8243; global_colors_info=&#8221;{}&#8221;]&nbsp;<br \/>\n[\/et_pb_gallery][\/et_pb_column][\/et_pb_row][\/et_pb_section]<\/p>\n","protected":false},"excerpt":{"rendered":"<p>Caf\u00e9 and shop&nbsp; You are very welcome to drop by the caf\u00e9 and shop!The caf\u00e9 at Hardanger Folk Museum serves cakes, coffee and lunch dishes. Caf\u00e9 opening hours 2026: May 3rd &#8211; June 14th, Saturdays and Sundays from 10:00 AM to 5:00 PM. June 15th &#8211; August 30th, every day from 10:00 AM to 5:00 [&hellip;]<\/p>\n","protected":false},"author":1,"featured_media":0,"parent":0,"menu_order":0,"comment_status":"closed","ping_status":"closed","template":"","meta":{"_et_pb_use_builder":"on","_et_pb_old_content":"","_et_gb_content_width":"","inline_featured_image":false,"footnotes":""},"class_list":["post-210658","page","type-page","status-publish","hentry"],"yoast_head":"<!-- This site is optimized with the Yoast SEO plugin v27.4 - https:\/\/yoast.com\/product\/yoast-seo-wordpress\/ -->\n<title>Caf\u00e9 and shop - Hardanger folkemuseum<\/title>\n<meta name=\"robots\" content=\"index, follow, max-snippet:-1, max-image-preview:large, max-video-preview:-1\" \/>\n<link rel=\"canonical\" href=\"https:\/\/hardangerfolkemuseum.no\/en\/cafe-and-shop\/\" \/>\n<meta property=\"og:locale\" content=\"en_US\" \/>\n<meta property=\"og:type\" content=\"article\" \/>\n<meta property=\"og:title\" content=\"Caf\u00e9 and shop - Hardanger folkemuseum\" \/>\n<meta property=\"og:description\" content=\"Caf\u00e9 and shop&nbsp; You are very welcome to drop by the caf\u00e9 and shop!The caf\u00e9 at Hardanger Folk Museum serves cakes, coffee and lunch dishes. Caf\u00e9 opening hours 2026: May 3rd - June 14th, Saturdays and Sundays from 10:00 AM to 5:00 PM. June 15th - August 30th, every day from 10:00 AM to 5:00 [&hellip;]\" \/>\n<meta property=\"og:url\" content=\"https:\/\/hardangerfolkemuseum.no\/en\/cafe-and-shop\/\" \/>\n<meta property=\"og:site_name\" content=\"Hardanger folkemuseum\" \/>\n<meta property=\"article:modified_time\" content=\"2026-04-28T10:48:35+00:00\" \/>\n<meta name=\"twitter:card\" content=\"summary_large_image\" \/>\n<meta name=\"twitter:label1\" content=\"Est. reading time\" \/>\n\t<meta name=\"twitter:data1\" content=\"2 minutes\" \/>\n<script type=\"application\/ld+json\" class=\"yoast-schema-graph\">{\"@context\":\"https:\\\/\\\/schema.org\",\"@graph\":[{\"@type\":\"WebPage\",\"@id\":\"https:\\\/\\\/hardangerfolkemuseum.no\\\/en\\\/cafe-and-shop\\\/\",\"url\":\"https:\\\/\\\/hardangerfolkemuseum.no\\\/en\\\/cafe-and-shop\\\/\",\"name\":\"Caf\u00e9 and shop - Hardanger folkemuseum\",\"isPartOf\":{\"@id\":\"https:\\\/\\\/hardangerfolkemuseum.no\\\/en\\\/#website\"},\"datePublished\":\"2020-06-30T08:39:25+00:00\",\"dateModified\":\"2026-04-28T10:48:35+00:00\",\"breadcrumb\":{\"@id\":\"https:\\\/\\\/hardangerfolkemuseum.no\\\/en\\\/cafe-and-shop\\\/#breadcrumb\"},\"inLanguage\":\"en-US\",\"potentialAction\":[{\"@type\":\"ReadAction\",\"target\":[\"https:\\\/\\\/hardangerfolkemuseum.no\\\/en\\\/cafe-and-shop\\\/\"]}]},{\"@type\":\"BreadcrumbList\",\"@id\":\"https:\\\/\\\/hardangerfolkemuseum.no\\\/en\\\/cafe-and-shop\\\/#breadcrumb\",\"itemListElement\":[{\"@type\":\"ListItem\",\"position\":1,\"name\":\"Hjem\",\"item\":\"https:\\\/\\\/hardangerfolkemuseum.no\\\/en\\\/\"},{\"@type\":\"ListItem\",\"position\":2,\"name\":\"Caf\u00e9 and shop\"}]},{\"@type\":\"WebSite\",\"@id\":\"https:\\\/\\\/hardangerfolkemuseum.no\\\/en\\\/#website\",\"url\":\"https:\\\/\\\/hardangerfolkemuseum.no\\\/en\\\/\",\"name\":\"Hardanger folkemuseum\",\"description\":\"Ein del av Hardanger og Voss museum\",\"potentialAction\":[{\"@type\":\"SearchAction\",\"target\":{\"@type\":\"EntryPoint\",\"urlTemplate\":\"https:\\\/\\\/hardangerfolkemuseum.no\\\/en\\\/?s={search_term_string}\"},\"query-input\":{\"@type\":\"PropertyValueSpecification\",\"valueRequired\":true,\"valueName\":\"search_term_string\"}}],\"inLanguage\":\"en-US\"}]}<\/script>\n<!-- \/ Yoast SEO plugin. -->","yoast_head_json":{"title":"Caf\u00e9 and shop - Hardanger folkemuseum","robots":{"index":"index","follow":"follow","max-snippet":"max-snippet:-1","max-image-preview":"max-image-preview:large","max-video-preview":"max-video-preview:-1"},"canonical":"https:\/\/hardangerfolkemuseum.no\/en\/cafe-and-shop\/","og_locale":"en_US","og_type":"article","og_title":"Caf\u00e9 and shop - Hardanger folkemuseum","og_description":"Caf\u00e9 and shop&nbsp; You are very welcome to drop by the caf\u00e9 and shop!The caf\u00e9 at Hardanger Folk Museum serves cakes, coffee and lunch dishes. Caf\u00e9 opening hours 2026: May 3rd - June 14th, Saturdays and Sundays from 10:00 AM to 5:00 PM. June 15th - August 30th, every day from 10:00 AM to 5:00 [&hellip;]","og_url":"https:\/\/hardangerfolkemuseum.no\/en\/cafe-and-shop\/","og_site_name":"Hardanger folkemuseum","article_modified_time":"2026-04-28T10:48:35+00:00","twitter_card":"summary_large_image","twitter_misc":{"Est. reading time":"2 minutes"},"schema":{"@context":"https:\/\/schema.org","@graph":[{"@type":"WebPage","@id":"https:\/\/hardangerfolkemuseum.no\/en\/cafe-and-shop\/","url":"https:\/\/hardangerfolkemuseum.no\/en\/cafe-and-shop\/","name":"Caf\u00e9 and shop - Hardanger folkemuseum","isPartOf":{"@id":"https:\/\/hardangerfolkemuseum.no\/en\/#website"},"datePublished":"2020-06-30T08:39:25+00:00","dateModified":"2026-04-28T10:48:35+00:00","breadcrumb":{"@id":"https:\/\/hardangerfolkemuseum.no\/en\/cafe-and-shop\/#breadcrumb"},"inLanguage":"en-US","potentialAction":[{"@type":"ReadAction","target":["https:\/\/hardangerfolkemuseum.no\/en\/cafe-and-shop\/"]}]},{"@type":"BreadcrumbList","@id":"https:\/\/hardangerfolkemuseum.no\/en\/cafe-and-shop\/#breadcrumb","itemListElement":[{"@type":"ListItem","position":1,"name":"Hjem","item":"https:\/\/hardangerfolkemuseum.no\/en\/"},{"@type":"ListItem","position":2,"name":"Caf\u00e9 and shop"}]},{"@type":"WebSite","@id":"https:\/\/hardangerfolkemuseum.no\/en\/#website","url":"https:\/\/hardangerfolkemuseum.no\/en\/","name":"Hardanger folkemuseum","description":"Ein del av Hardanger og Voss museum","potentialAction":[{"@type":"SearchAction","target":{"@type":"EntryPoint","urlTemplate":"https:\/\/hardangerfolkemuseum.no\/en\/?s={search_term_string}"},"query-input":{"@type":"PropertyValueSpecification","valueRequired":true,"valueName":"search_term_string"}}],"inLanguage":"en-US"}]}},"_links":{"self":[{"href":"https:\/\/hardangerfolkemuseum.no\/en\/wp-json\/wp\/v2\/pages\/210658","targetHints":{"allow":["GET"]}}],"collection":[{"href":"https:\/\/hardangerfolkemuseum.no\/en\/wp-json\/wp\/v2\/pages"}],"about":[{"href":"https:\/\/hardangerfolkemuseum.no\/en\/wp-json\/wp\/v2\/types\/page"}],"author":[{"embeddable":true,"href":"https:\/\/hardangerfolkemuseum.no\/en\/wp-json\/wp\/v2\/users\/1"}],"replies":[{"embeddable":true,"href":"https:\/\/hardangerfolkemuseum.no\/en\/wp-json\/wp\/v2\/comments?post=210658"}],"version-history":[{"count":15,"href":"https:\/\/hardangerfolkemuseum.no\/en\/wp-json\/wp\/v2\/pages\/210658\/revisions"}],"predecessor-version":[{"id":218776,"href":"https:\/\/hardangerfolkemuseum.no\/en\/wp-json\/wp\/v2\/pages\/210658\/revisions\/218776"}],"wp:attachment":[{"href":"https:\/\/hardangerfolkemuseum.no\/en\/wp-json\/wp\/v2\/media?parent=210658"}],"curies":[{"name":"wp","href":"https:\/\/api.w.org\/{rel}","templated":true}]}}